{"id":25905,"date":"2021-12-30T19:22:28","date_gmt":"2021-12-30T18:22:28","guid":{"rendered":"https:\/\/llardinfantstictacsabadell.cat\/donde-estamos\/"},"modified":"2022-01-03T13:39:35","modified_gmt":"2022-01-03T12:39:35","slug":"donde-estamos","status":"publish","type":"page","link":"https:\/\/llardinfantstictacsabadell.cat\/es\/donde-estamos\/","title":{"rendered":"\u00bfDonde estamos?"},"content":{"rendered":"<div id=\"dslc-theme-content\"><div id=\"dslc-theme-content-inner\"><div id=\"dslc-main\">\n<div  class=\"dslc-modules-section \" style=\"background-image:url(https:\/\/llardinfantstictacsabadell.cat\/wp-content\/uploads\/2021\/12\/happy-baby-playing-with-toy-blocks-2021-08-28-03-09-59-utc-min-scaled.jpg);background-repeat:no-repeat;background-position:center top;background-size:cover;\" data-section-id=\"2be79421ae5\">\n<div class=\"dslc-bg-video dslc-force-show\">\n<div class=\"dslc-bg-video-overlay\" style=\"background-color:#000000; opacity:0.2; \"><\/div>\n<\/div>\n<div class=\"dslc-section-divider\"\n\t\t\t\t\tdata-divider-pos=\"bottom\"\n\t\t\t\t\tdata-divider-style=\"wave\"><br \/>\n\t\t\t\t<svg id=\"wave\" style=\"fill:#ffffff; height:50px;\" preserveAspectRatio=\"none\" viewBox=\"0 0 1442 100\" version=\"1.1\" xmlns=\"http:\/\/www.w3.org\/2000\/svg\" xmlns:xlink=\"http:\/\/www.w3.org\/1999\/xlink\">\n\t\t\t\t\t<path class=\"divider-color\" d=\"M1442,68.0981233 C1208.93089,-11.3822297 920.961252,-17.4990636 578.091093,49.7476217 C332.207693,97.9724181 139.510662,81.7891119 0,1.19770302 L0,5.37426445e-07 L1442,5.37426445e-07 L1442,68.0981223 Z\"><\/path>\n\t\t\t\t<\/svg><\/div>\n<div class=\"dslc-modules-section-wrapper dslc-clearfix\">\n<style type=\"text\/css\" id=\"dslca-modules-area-\"><\/style>\n<div  class=\"dslc-modules-area dslc-col dslc-12-col dslc-last-col dslc-valign- \" data-size=\"12\" data-valign=\"\" data-modules-area-id=\"\" >\n<div id=\"dslc-module-03f57451812\" class=\"dslc-module-front dslc-module-DSLC_Separator dslc-in-viewport-check dslc-in-viewport-anim-none  dslc-col dslc-12-col dslc-last-col  dslc-module-handle-like-regular \" data-module-id=\"03f57451812\" data-module=\"DSLC_Separator\" data-dslc-module-size=\"12\" data-dslc-anim=\"none\" data-dslc-anim-delay=\"\" data-dslc-anim-duration=\"650\"  data-dslc-anim-easing=\"ease\" data-dslc-preset=\"none\" >\n<div class=\"dslc-separator-wrapper\">\n<div class=\"dslc-separator dslc-separator-style-invisible\">\n\t\t\t\t\t\t\t\t\t<\/div>\n<div><\/div>\n<\/p><\/div>\n<p><!-- .dslc-separator-wrapper --><\/p><\/div>\n<p><!-- .dslc-module --><\/p>\n<div id=\"dslc-module-fa72b632557\" class=\"dslc-module-front dslc-module-DSLC_TP_Title dslc-in-viewport-check dslc-in-viewport-anim-none  dslc-col dslc-12-col dslc-last-col  dslc-module-handle-like-regular \" data-module-id=\"fa72b632557\" data-module=\"DSLC_TP_Title\" data-dslc-module-size=\"12\" data-dslc-anim=\"none\" data-dslc-anim-delay=\"\" data-dslc-anim-duration=\"650\"  data-dslc-anim-easing=\"ease\" data-dslc-preset=\"none\" >\n<div class=\"dslc-tp-title\">\n<div class=\"dslc-tp-title\">\n<h1>\u00bfDonde estamos?<\/h1>\n<\/div><\/div>\n<\/p><\/div>\n<p><!-- .dslc-module -->\n\t\t<\/div>\n<\/div>\n<\/div>\n<div  class=\"dslc-modules-section \" style=\"background-repeat:no-repeat;background-position:center bottom;\" data-section-id=\"fdf82306425\">\n<div class=\"dslc-modules-section-wrapper dslc-clearfix\">\n<style type=\"text\/css\" id=\"dslca-modules-area-\"><\/style>\n<div  class=\"dslc-modules-area dslc-col dslc-6-col dslc-first-col dslc-valign- \" data-size=\"6\" data-valign=\"\" data-modules-area-id=\"\" >\n<div id=\"dslc-module-39540d406e9\" class=\"dslc-module-front dslc-module-DSLC_Text_Simple dslc-in-viewport-check dslc-in-viewport-anim-none  dslc-col dslc-12-col dslc-last-col  dslc-module-handle-like-regular \" data-module-id=\"39540d406e9\" data-module=\"DSLC_Text_Simple\" data-dslc-module-size=\"12\" data-dslc-anim=\"none\" data-dslc-anim-delay=\"\" data-dslc-anim-duration=\"650\"  data-dslc-anim-easing=\"ease\" data-dslc-preset=\"none\" >\n<div class=\"dslc-text-module-content\">\n<h3>Guarder\u00eda <span style=\"color: #efc823;\">Tic-Tac <\/span>Sabadell<\/h3>\n<p>Estamos situados en un edificio singular que unifica dos casas inglesas de la calle Zurbano de Sabadell, dotada de un espl\u00e9ndido y soleado patio, la guarder\u00eda Tic-Tac dispone de luz natural en todos los espacios y de unas dimensiones que permiten una relaci\u00f3n y un funcionamiento muy familiar.&nbsp;<\/p>\n<\/p><\/div>\n<\/p><\/div>\n<p><!-- .dslc-module --><\/p>\n<div id=\"dslc-module-fff4c9c4a82\" class=\"dslc-module-front dslc-module-DSLC_Text_Simple dslc-in-viewport-check dslc-in-viewport-anim-none  dslc-col dslc-12-col dslc-last-col  dslc-module-handle-like-regular \" data-module-id=\"fff4c9c4a82\" data-module=\"DSLC_Text_Simple\" data-dslc-module-size=\"12\" data-dslc-anim=\"none\" data-dslc-anim-delay=\"\" data-dslc-anim-duration=\"650\"  data-dslc-anim-easing=\"ease\" data-dslc-preset=\"none\" >\n<div class=\"dslc-text-module-content\">\n<h4>Datos de contacto&nbsp;<span style=\"color: #efc823;\">Tic-Tac<\/span><\/h4>\n<\/p><\/div>\n<\/p><\/div>\n<p><!-- .dslc-module --><\/p>\n<div id=\"dslc-module-015357995f1\" class=\"dslc-module-front dslc-module-DSLC_Info_Box dslc-in-viewport-check dslc-in-viewport-anim-none  dslc-col dslc-12-col dslc-last-col  dslc-module-handle-like-regular \" data-module-id=\"015357995f1\" data-module=\"DSLC_Info_Box\" data-dslc-module-size=\"12\" data-dslc-anim=\"none\" data-dslc-anim-delay=\"\" data-dslc-anim-duration=\"650\"  data-dslc-anim-easing=\"ease\" data-dslc-preset=\"none\" >\n<div class=\"dslc-info-box dslc-info-box-icon-pos-aside dslc-info-box-image-pos-above\">\n<div class=\"dslc-info-box-wrapper\">\n<div class=\"dslc-info-box-main-wrap dslc-clearfix\">\n<div class=\"dslc-info-box-image\">\n<div class=\"dslc-info-box-image-inner\">\n\t\t\t\t\t\t\t\t\t\t\t\t\t\t\t\t\t\t\t<svg version=\"1.1\" xmlns=\"http:\/\/www.w3.org\/2000\/svg\" width=\"32\" height=\"32\" viewBox=\"0 0 32 32\">\n<title>map-marker<\/title>\n<path d=\"M16 32c-0.245 0-0.477-0.112-0.629-0.306-0.091-0.117-2.269-2.902-4.475-7.016-1.299-2.421-2.336-4.798-3.080-7.066-0.939-2.859-1.414-5.555-1.414-8.013 0-5.293 4.307-9.6 9.6-9.6s9.6 4.307 9.6 9.6c0 2.458-0.477 5.152-1.414 8.013-0.744 2.267-1.781 4.645-3.080 7.066-2.208 4.114-4.384 6.899-4.475 7.016-0.152 0.194-0.384 0.306-0.629 0.306zM16 1.6c-4.411 0-8 3.589-8 8 0 5.206 2.341 10.662 4.306 14.322 1.443 2.69 2.894 4.822 3.694 5.936 0.803-1.118 2.264-3.264 3.709-5.962 1.957-3.653 4.291-9.099 4.291-14.296 0-4.411-3.589-8-8-8zM16 14.4c-2.646 0-4.8-2.154-4.8-4.8s2.154-4.8 4.8-4.8 4.8 2.154 4.8 4.8-2.154 4.8-4.8 4.8zM16 6.4c-1.765 0-3.2 1.435-3.2 3.2s1.435 3.2 3.2 3.2c1.765 0 3.2-1.435 3.2-3.2s-1.435-3.2-3.2-3.2z\"><\/path>\n<\/svg>\t\t\t\t\t\t\t\t\t\t\t\t\t\t\t\t\t\t\t\t\t\t\t\t\t\t<\/div>\n<p><!-- .dslc-info-box-image-inner -->\n\t\t\t\t\t\t\t<\/div>\n<p><!-- .dslc-info-box-image --><\/p>\n<div class=\"dslc-info-box-main\">\n<div class=\"dslc-info-box-title\">\n<h4 >Zurbano, 21, 08201 Sabadell, Barcelona<\/h4>\n<\/p><\/div>\n<p><!-- .dslc-info-box-title --><\/p><\/div>\n<p><!-- .dslc-info-box-main --><\/p><\/div>\n<p><!-- .dslc-info-box-main-wrap --><\/p><\/div>\n<p><!-- .dslc-info-box-wrapper --><\/p><\/div>\n<p><!-- .dslc-info-box --><\/p><\/div>\n<p><!-- .dslc-module --><\/p>\n<div id=\"dslc-module-79ac462fef8\" class=\"dslc-module-front dslc-module-DSLC_Info_Box dslc-in-viewport-check dslc-in-viewport-anim-none  dslc-col dslc-12-col dslc-last-col  dslc-module-handle-like-regular \" data-module-id=\"79ac462fef8\" data-module=\"DSLC_Info_Box\" data-dslc-module-size=\"12\" data-dslc-anim=\"none\" data-dslc-anim-delay=\"\" data-dslc-anim-duration=\"650\"  data-dslc-anim-easing=\"ease\" data-dslc-preset=\"none\" >\n<div class=\"dslc-info-box dslc-info-box-icon-pos-aside dslc-info-box-image-pos-above\">\n<div class=\"dslc-info-box-wrapper\">\n<div class=\"dslc-info-box-main-wrap dslc-clearfix\">\n<div class=\"dslc-info-box-image\">\n<div class=\"dslc-info-box-image-inner\">\n\t\t\t\t\t\t\t\t\t\t\t\t\t\t\t\t\t\t\t<svg version=\"1.1\" xmlns=\"http:\/\/www.w3.org\/2000\/svg\" width=\"32\" height=\"32\" viewBox=\"0 0 32 32\">\n<title>location<\/title>\n<path d=\"M13.6 32c-0.069 0-0.139-0.010-0.208-0.027-0.349-0.094-0.592-0.411-0.592-0.773v-12h-12c-0.362 0-0.678-0.243-0.773-0.592s0.059-0.718 0.371-0.899l30.4-17.6c0.314-0.181 0.71-0.13 0.966 0.126s0.309 0.653 0.126 0.966l-17.6 30.4c-0.146 0.251-0.413 0.398-0.693 0.398zM3.779 17.6h9.821c0.442 0 0.8 0.358 0.8 0.8v9.821l14.605-25.226-25.226 14.605z\"><\/path>\n<\/svg>\t\t\t\t\t\t\t\t\t\t\t\t\t\t\t\t\t\t\t\t\t\t\t\t\t\t<\/div>\n<p><!-- .dslc-info-box-image-inner -->\n\t\t\t\t\t\t\t<\/div>\n<p><!-- .dslc-info-box-image --><\/p>\n<div class=\"dslc-info-box-main\">\n<div class=\"dslc-info-box-title\">\n<h4 >93 725 41 62\u00a0\/ tictac@escoladelsol.cat<\/h4>\n<\/p><\/div>\n<p><!-- .dslc-info-box-title --><\/p><\/div>\n<p><!-- .dslc-info-box-main --><\/p><\/div>\n<p><!-- .dslc-info-box-main-wrap --><\/p><\/div>\n<p><!-- .dslc-info-box-wrapper --><\/p><\/div>\n<p><!-- .dslc-info-box --><\/p><\/div>\n<p><!-- .dslc-module --><\/p>\n<div id=\"dslc-module-99e516622e3\" class=\"dslc-module-front dslc-module-DSLC_Text_Simple dslc-in-viewport-check dslc-in-viewport-anim-none  dslc-col dslc-3-col  dslc-module-handle-like-regular titolsubratllat\" data-module-id=\"99e516622e3\" data-module=\"DSLC_Text_Simple\" data-dslc-module-size=\"3\" data-dslc-anim=\"none\" data-dslc-anim-delay=\"\" data-dslc-anim-duration=\"650\"  data-dslc-anim-easing=\"ease\" data-dslc-preset=\"none\" >\n<div class=\"dslc-text-module-content\">\n<p><strong>S\u00edguenos:<\/strong><\/p>\n<\/p><\/div>\n<\/p><\/div>\n<p><!-- .dslc-module --><\/p>\n<div id=\"dslc-module-c16d2c7f038\" class=\"dslc-module-front dslc-module-DSLC_Social dslc-in-viewport-check dslc-in-viewport-anim-none  dslc-col dslc-6-col  dslc-module-handle-like-regular \" data-module-id=\"c16d2c7f038\" data-module=\"DSLC_Social\" data-dslc-module-size=\"6\" data-dslc-anim=\"none\" data-dslc-anim-delay=\"\" data-dslc-anim-duration=\"650\"  data-dslc-anim-easing=\"ease\" data-dslc-preset=\"none\" >\n<div class=\"dslc-social-wrap\">\n<ul class=\"dslc-social\">\n<li>\n\t\t\t\t\t\t\t\t<a class=\"dslc-social-icon\" target=\"_blank\" href=\"https:\/\/www.facebook.com\/LlarInfantsTicTac\/\" ><span class=\"dslc-icon dslc-icon-facebook\"><\/span><\/a>\n\t\t\t\t\t\t\t\t\t\t\t\t\t\t\t<\/li>\n<li>\n\t\t\t\t\t\t\t\t<a class=\"dslc-social-icon\" target=\"_blank\" href=\"https:\/\/www.instagram.com\/llarinfantstictac\" ><span class=\"dslc-icon dslc-icon-instagram\"><\/span><\/a>\n\t\t\t\t\t\t\t\t\t\t\t\t\t\t\t<\/li>\n<\/ul><\/div>\n<p><!-- .dslc-social-wrap --><\/p><\/div>\n<p><!-- .dslc-module -->\n\t\t<\/div>\n<\/div>\n<\/div>\n<div  class=\"dslc-modules-section \" style=\"padding-bottom:0px;padding-top:0px;\" data-section-id=\"7cb8f087012\">\n<div class=\"dslc-modules-section-wrapper dslc-clearfix\">\n<style type=\"text\/css\" id=\"dslca-modules-area-\"><\/style>\n<div  class=\"dslc-modules-area dslc-col dslc-12-col dslc-last-col dslc-valign- \" data-size=\"12\" data-valign=\"\" data-modules-area-id=\"\" >\n<div id=\"dslc-module-24b6907f038\" class=\"dslc-module-front dslc-module-DSLC_Html dslc-in-viewport-check dslc-in-viewport-anim-none  dslc-col dslc-12-col dslc-last-col  dslc-module-handle-like-regular \" data-module-id=\"24b6907f038\" data-module=\"DSLC_Html\" data-dslc-module-size=\"12\" data-dslc-anim=\"none\" data-dslc-anim-delay=\"\" data-dslc-anim-duration=\"650\"  data-dslc-anim-easing=\"ease\" data-dslc-preset=\"none\" >\n<div class=\"dslc-html-module-content\"><iframe src=\"https:\/\/www.google.com\/maps\/embed?pb=!1m18!1m12!1m3!1d2986.3228004327993!2d2.1078379152637607!3d41.540607494445766!2m3!1f0!2f0!3f0!3m2!1i1024!2i768!4f13.1!3m3!1m2!1s0x12a495aa3d37c561%3A0x32cd0f21c25f0607!2sLlar%20Infants%20Tic-Tac!5e0!3m2!1ses!2ses!4v1640874681279!5m2!1ses!2ses\" width=\"100%\" height=\"480\" style=\"border:0;\" allowfullscreen=\"\" loading=\"lazy\"><\/iframe><\/div>\n<\/p><\/div>\n<p><!-- .dslc-module -->\n\t\t<\/div>\n<\/div>\n<\/div>\n<\/div>\n<\/div><\/div>","protected":false},"excerpt":{"rendered":"<p>\u00bfDonde estamos? Guarder\u00eda Tic-Tac Sabadell Estamos situados en un edificio singular que unifica dos casas inglesas de la calle Zurbano de Sabadell, dotada de un espl\u00e9ndido y soleado patio, la guarder\u00eda Tic-Tac dispone de luz natural en todos los espacios y de unas dimensiones que permiten una relaci\u00f3n y un funcionamiento muy familiar.&nbsp; Datos de [&hellip;]<\/p>\n","protected":false},"author":3,"featured_media":0,"parent":0,"menu_order":0,"comment_status":"closed","ping_status":"closed","template":"","meta":{"footnotes":""},"class_list":["post-25905","page","type-page","status-publish","hentry"],"_links":{"self":[{"href":"https:\/\/llardinfantstictacsabadell.cat\/es\/wp-json\/wp\/v2\/pages\/25905","targetHints":{"allow":["GET"]}}],"collection":[{"href":"https:\/\/llardinfantstictacsabadell.cat\/es\/wp-json\/wp\/v2\/pages"}],"about":[{"href":"https:\/\/llardinfantstictacsabadell.cat\/es\/wp-json\/wp\/v2\/types\/page"}],"author":[{"embeddable":true,"href":"https:\/\/llardinfantstictacsabadell.cat\/es\/wp-json\/wp\/v2\/users\/3"}],"replies":[{"embeddable":true,"href":"https:\/\/llardinfantstictacsabadell.cat\/es\/wp-json\/wp\/v2\/comments?post=25905"}],"version-history":[{"count":1,"href":"https:\/\/llardinfantstictacsabadell.cat\/es\/wp-json\/wp\/v2\/pages\/25905\/revisions"}],"predecessor-version":[{"id":25906,"href":"https:\/\/llardinfantstictacsabadell.cat\/es\/wp-json\/wp\/v2\/pages\/25905\/revisions\/25906"}],"wp:attachment":[{"href":"https:\/\/llardinfantstictacsabadell.cat\/es\/wp-json\/wp\/v2\/media?parent=25905"}],"curies":[{"name":"wp","href":"https:\/\/api.w.org\/{rel}","templated":true}]}}